{"id":10327,"date":"2023-07-16T13:18:49","date_gmt":"2023-07-16T10:18:49","guid":{"rendered":"https:\/\/www.prontotour.com\/Blog\/?page_id=10327"},"modified":"2023-09-25T11:43:24","modified_gmt":"2023-09-25T08:43:24","slug":"kategoriler","status":"publish","type":"page","link":"https:\/\/www.prontotour.com\/Blog\/kategoriler\/","title":{"rendered":"Kategoriler"},"content":{"rendered":"\t\t<div data-elementor-type=\"wp-page\" data-elementor-id=\"10327\" class=\"elementor elementor-10327\">\n\t\t\t\t\t\t<section class=\"elementor-section elementor-top-section elementor-element elementor-element-3e9e093 elementor-section-boxed elementor-section-height-default elementor-section-height-default rt-parallax-bg-no\" data-id=\"3e9e093\" data-element_type=\"section\">\n\t\t\t\t\t\t<div class=\"elementor-container elementor-column-gap-default\">\n\t\t\t\t\t<div class=\"elementor-column elementor-col-100 elementor-top-column elementor-element elementor-element-130353f\" data-id=\"130353f\" data-element_type=\"column\">\n\t\t\t<div class=\"elementor-widget-wrap elementor-element-populated\">\n\t\t\t\t\t\t<div class=\"elementor-element elementor-element-eacc536 elementor-invisible elementor-widget elementor-widget-rt-category\" data-id=\"eacc536\" data-element_type=\"widget\" data-widget_type=\"rt-category.default\">\n\t\t\t\t<div class=\"elementor-widget-container\">\n\t\t\t\t\t<div class=\"rt-category rt-category-style1\">\n\t<div class=\"row g-4\">\n\t\t\t<div class=\"col-xl-4 col-lg-4 col-md-6 col-sm-12 col-12\">\n\t\t\t<div class=\"rt-item wow fadeInUp\" data-wow-delay=\"0.2s\" data-wow-duration=\"1.2s\">\n\t\t\t\t<img fetchpriority=\"high\" decoding=\"async\" width=\"960\" height=\"520\" src=\"https:\/\/www.prontotour.com\/Blog\/wp-content\/uploads\/2023\/08\/Alisveris-960x520.jpg\" class=\"attachment-neeon-size2 size-neeon-size2\" alt=\"Al\u0131\u015fveri\u015f\" srcset=\"https:\/\/www.prontotour.com\/Blog\/wp-content\/uploads\/2023\/08\/Alisveris-960x520.jpg 960w, https:\/\/www.prontotour.com\/Blog\/wp-content\/uploads\/2023\/08\/Alisveris-1296x700.jpg 1296w\" sizes=\"(max-width: 960px) 100vw, 960px\" \/>\t\t\t\t<div class=\"rt-content\">\n\t\t            <h4 class=\"rt-cat-name\">\n\t\t                <a href=\"https:\/\/www.prontotour.com\/Blog\/category\/alisveris\/\">Al\u0131\u015fveri\u015f<\/a> \n\t\t            <\/h4>\n\t\t            \t\t            <p class=\"rt-cat-count\">\n\t\t                <span class=\"anim-overflow\">(5)<\/span>\n\t\t            <\/p>\n\t\t        \t\t\t        <\/div>\n\t\t    <\/div>\n\t\t<\/div>\n\t\t\t<div class=\"col-xl-4 col-lg-4 col-md-6 col-sm-12 col-12\">\n\t\t\t<div class=\"rt-item wow fadeInUp\" data-wow-delay=\"0.4s\" data-wow-duration=\"1.3s\">\n\t\t\t\t<img decoding=\"async\" width=\"960\" height=\"520\" src=\"https:\/\/www.prontotour.com\/Blog\/wp-content\/uploads\/2023\/08\/Seyahat-Rehberi-960x520.jpg\" class=\"attachment-neeon-size2 size-neeon-size2\" alt=\"Seyahat Rehberi\" srcset=\"https:\/\/www.prontotour.com\/Blog\/wp-content\/uploads\/2023\/08\/Seyahat-Rehberi-960x520.jpg 960w, https:\/\/www.prontotour.com\/Blog\/wp-content\/uploads\/2023\/08\/Seyahat-Rehberi-1296x700.jpg 1296w\" sizes=\"(max-width: 960px) 100vw, 960px\" \/>\t\t\t\t<div class=\"rt-content\">\n\t\t            <h4 class=\"rt-cat-name\">\n\t\t                <a href=\"https:\/\/www.prontotour.com\/Blog\/category\/seyahat-rehberi\/\">Seyahat Rehberi<\/a> \n\t\t            <\/h4>\n\t\t            \t\t            <p class=\"rt-cat-count\">\n\t\t                <span class=\"anim-overflow\">(68)<\/span>\n\t\t            <\/p>\n\t\t        \t\t\t        <\/div>\n\t\t    <\/div>\n\t\t<\/div>\n\t\t\t<div class=\"col-xl-4 col-lg-4 col-md-6 col-sm-12 col-12\">\n\t\t\t<div class=\"rt-item wow fadeInUp\" data-wow-delay=\"0.6s\" data-wow-duration=\"1.4s\">\n\t\t\t\t<img decoding=\"async\" width=\"960\" height=\"520\" src=\"https:\/\/www.prontotour.com\/Blog\/wp-content\/uploads\/2023\/08\/Tatil-Onerileri-960x520.jpg\" class=\"attachment-neeon-size2 size-neeon-size2\" alt=\"Tatil \u00d6nerileri\" srcset=\"https:\/\/www.prontotour.com\/Blog\/wp-content\/uploads\/2023\/08\/Tatil-Onerileri-960x520.jpg 960w, https:\/\/www.prontotour.com\/Blog\/wp-content\/uploads\/2023\/08\/Tatil-Onerileri-1296x700.jpg 1296w\" sizes=\"(max-width: 960px) 100vw, 960px\" \/>\t\t\t\t<div class=\"rt-content\">\n\t\t            <h4 class=\"rt-cat-name\">\n\t\t                <a href=\"https:\/\/www.prontotour.com\/Blog\/category\/tatil-onerileri\/\">Tatil \u00d6nerileri<\/a> \n\t\t            <\/h4>\n\t\t            \t\t            <p class=\"rt-cat-count\">\n\t\t                <span class=\"anim-overflow\">(50)<\/span>\n\t\t            <\/p>\n\t\t        \t\t\t        <\/div>\n\t\t    <\/div>\n\t\t<\/div>\n\t\t\t<div class=\"col-xl-4 col-lg-4 col-md-6 col-sm-12 col-12\">\n\t\t\t<div class=\"rt-item wow fadeInUp\" data-wow-delay=\"0.8s\" data-wow-duration=\"1.5s\">\n\t\t\t\t<img loading=\"lazy\" decoding=\"async\" width=\"960\" height=\"520\" src=\"https:\/\/www.prontotour.com\/Blog\/wp-content\/uploads\/2023\/08\/Video-960x520.png\" class=\"attachment-neeon-size2 size-neeon-size2\" alt=\"Video\" \/>\t\t\t\t<div class=\"rt-content\">\n\t\t            <h4 class=\"rt-cat-name\">\n\t\t                <a href=\"https:\/\/www.prontotour.com\/Blog\/category\/video\/\">Video<\/a> \n\t\t            <\/h4>\n\t\t            \t\t            <p class=\"rt-cat-count\">\n\t\t                <span class=\"anim-overflow\">(7)<\/span>\n\t\t            <\/p>\n\t\t        \t\t\t        <\/div>\n\t\t    <\/div>\n\t\t<\/div>\n\t\t\t<div class=\"col-xl-4 col-lg-4 col-md-6 col-sm-12 col-12\">\n\t\t\t<div class=\"rt-item wow fadeInUp\" data-wow-delay=\"1s\" data-wow-duration=\"1.6s\">\n\t\t\t\t<img loading=\"lazy\" decoding=\"async\" width=\"960\" height=\"520\" src=\"https:\/\/www.prontotour.com\/Blog\/wp-content\/uploads\/2023\/08\/Yeme-Icme-960x520.jpg\" class=\"attachment-neeon-size2 size-neeon-size2\" alt=\"Yeme &amp; \u0130\u00e7me\" srcset=\"https:\/\/www.prontotour.com\/Blog\/wp-content\/uploads\/2023\/08\/Yeme-Icme-960x520.jpg 960w, https:\/\/www.prontotour.com\/Blog\/wp-content\/uploads\/2023\/08\/Yeme-Icme-1296x700.jpg 1296w\" sizes=\"(max-width: 960px) 100vw, 960px\" \/>\t\t\t\t<div class=\"rt-content\">\n\t\t            <h4 class=\"rt-cat-name\">\n\t\t                <a href=\"https:\/\/www.prontotour.com\/Blog\/category\/yeme-icme\/\">Yeme &amp; \u0130\u00e7me<\/a> \n\t\t            <\/h4>\n\t\t            \t\t            <p class=\"rt-cat-count\">\n\t\t                <span class=\"anim-overflow\">(9)<\/span>\n\t\t            <\/p>\n\t\t        \t\t\t        <\/div>\n\t\t    <\/div>\n\t\t<\/div>\n\t\t<\/div>\n<\/div>\t\t\t\t<\/div>\n\t\t\t\t<\/div>\n\t\t\t\t\t<\/div>\n\t\t<\/div>\n\t\t\t\t\t<\/div>\n\t\t<\/section>\n\t\t\t\t<\/div>\n\t\t","protected":false},"excerpt":{"rendered":"<p>Al\u0131\u015fveri\u015f (3) Seyahat Rehberi (8) Tatil \u00d6nerileri (7) Video (3) Yeme &amp; \u0130\u00e7me (1)<\/p>\n","protected":false},"author":1,"featured_media":0,"parent":0,"menu_order":0,"comment_status":"closed","ping_status":"closed","template":"","meta":{"_uag_custom_page_level_css":"","footnotes":""},"class_list":["post-10327","page","type-page","status-publish","hentry"],"uagb_featured_image_src":{"full":false,"thumbnail":false,"medium":false,"medium_large":false,"large":false,"1536x1536":false,"2048x2048":false,"neeon-size1":false,"neeon-size2":false,"neeon-size3":false,"neeon-size4":false,"neeon-size5":false,"neeon-size6":false,"neeon-size7":false,"neeon-size8":false,"neeon-size9":false,"neeon-size10":false,"neeon-size11":false,"owl_elementor_thumbnail":false,"owl_elementor_team":false,"owl_elementor_testimonial":false},"uagb_author_info":{"display_name":"bloguser","author_link":"https:\/\/www.prontotour.com\/Blog\/author\/bloguser\/"},"uagb_comment_info":0,"uagb_excerpt":"Al\u0131\u015fveri\u015f (3) Seyahat Rehberi (8) Tatil \u00d6nerileri (7) Video (3) Yeme &amp; \u0130\u00e7me (1)","_links":{"self":[{"href":"https:\/\/www.prontotour.com\/Blog\/wp-json\/wp\/v2\/pages\/10327","targetHints":{"allow":["GET"]}}],"collection":[{"href":"https:\/\/www.prontotour.com\/Blog\/wp-json\/wp\/v2\/pages"}],"about":[{"href":"https:\/\/www.prontotour.com\/Blog\/wp-json\/wp\/v2\/types\/page"}],"author":[{"embeddable":true,"href":"https:\/\/www.prontotour.com\/Blog\/wp-json\/wp\/v2\/users\/1"}],"replies":[{"embeddable":true,"href":"https:\/\/www.prontotour.com\/Blog\/wp-json\/wp\/v2\/comments?post=10327"}],"version-history":[{"count":24,"href":"https:\/\/www.prontotour.com\/Blog\/wp-json\/wp\/v2\/pages\/10327\/revisions"}],"predecessor-version":[{"id":11659,"href":"https:\/\/www.prontotour.com\/Blog\/wp-json\/wp\/v2\/pages\/10327\/revisions\/11659"}],"wp:attachment":[{"href":"https:\/\/www.prontotour.com\/Blog\/wp-json\/wp\/v2\/media?parent=10327"}],"curies":[{"name":"wp","href":"https:\/\/api.w.org\/{rel}","templated":true}]}}